{"id":9,"date":"2019-03-25T16:46:21","date_gmt":"2019-03-25T15:46:21","guid":{"rendered":"https:\/\/wehrendt.de\/wehrendt\/?page_id=9"},"modified":"2024-12-17T14:44:01","modified_gmt":"2024-12-17T13:44:01","slug":"unternehmen","status":"publish","type":"page","link":"https:\/\/wehrendt.de\/wehrendt\/unternehmen\/","title":{"rendered":"Unternehmen"},"content":{"rendered":"\t\t<div data-elementor-type=\"wp-post\" data-elementor-id=\"9\" class=\"elementor elementor-9\">\n\t\t\t\t\t\t<section class=\"elementor-section elementor-top-section elementor-element elementor-element-3078d12 elementor-section-boxed elementor-section-height-default elementor-section-height-default\" data-id=\"3078d12\" data-element_type=\"section\" data-e-type=\"section\">\n\t\t\t\t\t\t<div class=\"elementor-container elementor-column-gap-default\">\n\t\t\t\t\t<div class=\"elementor-column elementor-col-100 elementor-top-column elementor-element elementor-element-c5fbe71\" data-id=\"c5fbe71\" data-element_type=\"column\" data-e-type=\"column\">\n\t\t\t<div class=\"elementor-widget-wrap elementor-element-populated\">\n\t\t\t\t\t\t<div class=\"elementor-element elementor-element-2b60fdb elementor-widget elementor-widget-text-editor\" data-id=\"2b60fdb\" data-element_type=\"widget\" data-e-type=\"widget\" data-widget_type=\"text-editor.default\">\n\t\t\t\t<div class=\"elementor-widget-container\">\n\t\t\t\t\t\t\t\t\t<h2 style=\"text-align: center;\"><span style=\"color: #000000;\">Das Unternehmen Wehrendt<\/span><span style=\"color: #000000;\"> Lohnunternehmen<\/span><span style=\"color: #000000;\"> GmbH wurde im Jahre 1993 durch Heiko und Ralf Wehrendt gegr\u00fcndet. Zu den ersten T\u00e4tigkeiten z\u00e4hlten die Gras-, Mais- und Getreideernte, das Pflanzen von Kartoffeln und die Futterherstellung mit einer fahrbaren Mahl- und Mischanlagen.\u00a0In den folgenden Jahren wurde der Fuhrpark st\u00e4ndig modernisiert und erweitert, sodass dem Kunden heute ein schlagkr\u00e4ftiges Angebot an Dienstleistungen zur Verf\u00fcgung steht.<\/span><\/h2><h2 style=\"text-align: center;\"><span style=\"color: #000000;\">\u00a0<\/span><\/h2>\t\t\t\t\t\t\t\t<\/div>\n\t\t\t\t<\/div>\n\t\t\t\t\t<\/div>\n\t\t<\/div>\n\t\t\t\t\t<\/div>\n\t\t<\/section>\n\t\t\t\t<section class=\"elementor-section elementor-top-section elementor-element elementor-element-7017518 elementor-section-boxed elementor-section-height-default elementor-section-height-default\" data-id=\"7017518\" data-element_type=\"section\" data-e-type=\"section\">\n\t\t\t\t\t\t<div class=\"elementor-container elementor-column-gap-default\">\n\t\t\t\t\t<div class=\"elementor-column elementor-col-100 elementor-top-column elementor-element elementor-element-9ad4e3c\" data-id=\"9ad4e3c\" data-element_type=\"column\" data-e-type=\"column\">\n\t\t\t<div class=\"elementor-widget-wrap elementor-element-populated\">\n\t\t\t\t\t\t<div class=\"elementor-element elementor-element-a20b509 elementor-widget elementor-widget-text-editor\" data-id=\"a20b509\" data-element_type=\"widget\" data-e-type=\"widget\" data-widget_type=\"text-editor.default\">\n\t\t\t\t<div class=\"elementor-widget-container\">\n\t\t\t\t\t\t\t\t\t<h2 style=\"text-align: center;\">Zu den Hauptt\u00e4tigkeiten z\u00e4hlen die Bodenbearbeitung und Bestellung, D\u00fcngung und Pflanzenschutzma\u00dfnahmen, die Ausbringung von Wirtschaftsd\u00fcnger, die Gras-, Mais- und Getreideernte. Bewirtschaftungsvertr\u00e4ge mit der dazugeh\u00f6rigen Dokumentation runden das Angebot ab.<\/h2><h2 style=\"text-align: center;\">Seit dem Jahr 2002 ist das Unternehmen Wehrendt Gro\u00dfh\u00e4ndler f\u00fcr Josera Tierern\u00e4hrung.Die Produktpalette reicht von Mineralfutter f\u00fcr Rinder und Schweine, Milchaustauscher und K\u00e4lberaufzuchtprodukten \u00fcber Tierhygiene bis hin zu Siliermitteln.<\/h2><h2 style=\"text-align: center;\">2017 wurde das Lohnunternehmen Wehrendt GmbH in zwei Firmen geteilt:<\/h2><h1 style=\"text-align: center;\"><span style=\"text-decoration: underline;\"><strong><a href=\"https:\/\/wehrendt.de\/wehrendt\/\">Lohnbetrieb Wehrendt GmbH<\/a><\/strong><\/span><\/h1><h1 style=\"text-align: center;\"><span style=\"text-decoration: underline;\"> <strong><a href=\"https:\/\/mrw-muehlenbetrieb.de\/\">MRW M\u00fchlenbetrieb Rotenburg (W\u00fcmme) GmbH<\/a><\/strong><\/span><\/h1><h2 style=\"text-align: center;\">Heute sind im Unternehmen 15 festangestellte Mitarbeiter besch\u00e4ftigt. Diese werden bei Bedarf durch Aushilfskr\u00e4fte unterst\u00fctzt.<\/h2>\t\t\t\t\t\t\t\t<\/div>\n\t\t\t\t<\/div>\n\t\t\t\t\t<\/div>\n\t\t<\/div>\n\t\t\t\t\t<\/div>\n\t\t<\/section>\n\t\t\t\t<section class=\"elementor-section elementor-top-section elementor-element elementor-element-e194471 elementor-section-boxed elementor-section-height-default elementor-section-height-default\" data-id=\"e194471\" data-element_type=\"section\" data-e-type=\"section\">\n\t\t\t\t\t\t<div class=\"elementor-container elementor-column-gap-default\">\n\t\t\t\t\t<div class=\"elementor-column elementor-col-100 elementor-top-column elementor-element elementor-element-83ec0bc\" data-id=\"83ec0bc\" data-element_type=\"column\" data-e-type=\"column\">\n\t\t\t<div class=\"elementor-widget-wrap\">\n\t\t\t\t\t\t\t<\/div>\n\t\t<\/div>\n\t\t\t\t\t<\/div>\n\t\t<\/section>\n\t\t\t\t<\/div>\n\t\t","protected":false},"excerpt":{"rendered":"<p>Das Unternehmen Wehrendt Lohnunternehmen GmbH wurde im Jahre 1993 durch Heiko und Ralf Wehrendt gegr\u00fcndet. Zu den ersten T\u00e4tigkeiten z\u00e4hlten die Gras-, Mais- und Getreideernte, das Pflanzen von Kartoffeln und die Futterherstellung mit einer fahrbaren Mahl- und Mischanlagen.\u00a0In den folgenden Jahren wurde der Fuhrpark st\u00e4ndig modernisiert und erweitert, sodass dem Kunden heute ein schlagkr\u00e4ftiges Angebot an Dienstleistungen zur Verf\u00fcgung steht.<\/p>\n<p><a class=\"more-link\" href=\"https:\/\/wehrendt.de\/wehrendt\/unternehmen\/\">Weiterlesen<\/a><\/p>\n","protected":false},"author":1,"featured_media":0,"parent":0,"menu_order":0,"comment_status":"closed","ping_status":"closed","template":"","meta":{"footnotes":""},"class_list":["post-9","page","type-page","status-publish","hentry"],"_links":{"self":[{"href":"https:\/\/wehrendt.de\/wehrendt\/wp-json\/wp\/v2\/pages\/9","targetHints":{"allow":["GET"]}}],"collection":[{"href":"https:\/\/wehrendt.de\/wehrendt\/wp-json\/wp\/v2\/pages"}],"about":[{"href":"https:\/\/wehrendt.de\/wehrendt\/wp-json\/wp\/v2\/types\/page"}],"author":[{"embeddable":true,"href":"https:\/\/wehrendt.de\/wehrendt\/wp-json\/wp\/v2\/users\/1"}],"replies":[{"embeddable":true,"href":"https:\/\/wehrendt.de\/wehrendt\/wp-json\/wp\/v2\/comments?post=9"}],"version-history":[{"count":27,"href":"https:\/\/wehrendt.de\/wehrendt\/wp-json\/wp\/v2\/pages\/9\/revisions"}],"predecessor-version":[{"id":537,"href":"https:\/\/wehrendt.de\/wehrendt\/wp-json\/wp\/v2\/pages\/9\/revisions\/537"}],"wp:attachment":[{"href":"https:\/\/wehrendt.de\/wehrendt\/wp-json\/wp\/v2\/media?parent=9"}],"curies":[{"name":"wp","href":"https:\/\/api.w.org\/{rel}","templated":true}]}}